{"id":10978,"date":"2024-02-04T20:13:27","date_gmt":"2024-02-04T20:13:27","guid":{"rendered":"https:\/\/www.sunsethurghadatours.com\/product\/sindbad-u-boot\/"},"modified":"2025-07-25T01:20:14","modified_gmt":"2025-07-25T01:20:14","slug":"sindbad-u-boot","status":"publish","type":"product","link":"https:\/\/www.gamaltours.com\/de\/produkt\/sindbad-u-boot\/","title":{"rendered":"Sindbad"},"content":{"rendered":"<h2>\u00dcberblick<\/h2>\n<p>3-st\u00fcndige Sinbad-U-Boot-Tour durch das Rote Meer ab Hurgada.<\/p>\n<p>Begeben Sie sich auf einen einzigartigen und aufregenden Unterwasserausflug an Bord des U-Bootes Sinbad. Dieses moderne Schiff verf\u00fcgt \u00fcber 18 Panoramafenster und jede Menge Sitzgelegenheiten. Lehnen Sie sich also zur\u00fcck und entspannen Sie sich, w\u00e4hrend Sie das Unterwasser\u00f6kosystem des Roten Meeres aus n\u00e4chster N\u00e4he erleben.<\/p>\n<h4>Markieren<\/h4>\n<p>Abholung von Hotels in Makadi und Segel-Haschisch,<\/p>\n<p>F\u00fcr El Gouna, Safaga und Soma Bay wird ein Aufpreis von <strong>5 $<\/strong> pro Person berechnet<\/p>\n<p><strong>24-Stunden-Stornierung<\/strong><\/p>\n<ul>\n<li>Stornieren Sie bis 24 Stunden vor der Aktivit\u00e4t<\/li>\n<li>Holen Sie sich Ihr gesamtes Geld zur\u00fcck<\/li>\n<\/ul>\n","protected":false},"excerpt":{"rendered":"<p>\u00dcberblick 3-st\u00fcndige Sinbad-U-Boot-Tour durch das Rote Meer ab Hurgada. Begeben Sie sich auf einen einzigartigen und aufregenden Unterwasserausflug an Bord des U-Bootes Sinbad. Dieses moderne Schiff verf\u00fcgt \u00fcber 18 Panoramafenster und jede Menge Sitzgelegenheiten. Lehnen Sie sich also zur\u00fcck und entspannen Sie sich, w\u00e4hrend Sie das Unterwasser\u00f6kosystem des Roten Meeres aus n\u00e4chster N\u00e4he erleben. Markieren [&hellip;]<\/p>\n","protected":false},"featured_media":10584,"comment_status":"open","ping_status":"closed","template":"","meta":[],"product_brand":[],"product_cat":[66],"product_tag":[],"class_list":{"0":"post-10978","1":"product","2":"type-product","3":"status-publish","4":"has-post-thumbnail","6":"product_cat-strand","8":"first","9":"instock","10":"featured","11":"shipping-taxable","12":"purchasable","13":"product-type-ovabrw_car_rental"},"_links":{"self":[{"href":"https:\/\/www.gamaltours.com\/de\/wp-json\/wp\/v2\/product\/10978","targetHints":{"allow":["GET"]}}],"collection":[{"href":"https:\/\/www.gamaltours.com\/de\/wp-json\/wp\/v2\/product"}],"about":[{"href":"https:\/\/www.gamaltours.com\/de\/wp-json\/wp\/v2\/types\/product"}],"replies":[{"embeddable":true,"href":"https:\/\/www.gamaltours.com\/de\/wp-json\/wp\/v2\/comments?post=10978"}],"wp:featuredmedia":[{"embeddable":true,"href":"https:\/\/www.gamaltours.com\/de\/wp-json\/wp\/v2\/media\/10584"}],"wp:attachment":[{"href":"https:\/\/www.gamaltours.com\/de\/wp-json\/wp\/v2\/media?parent=10978"}],"wp:term":[{"taxonomy":"product_brand","embeddable":true,"href":"https:\/\/www.gamaltours.com\/de\/wp-json\/wp\/v2\/product_brand?post=10978"},{"taxonomy":"product_cat","embeddable":true,"href":"https:\/\/www.gamaltours.com\/de\/wp-json\/wp\/v2\/product_cat?post=10978"},{"taxonomy":"product_tag","embeddable":true,"href":"https:\/\/www.gamaltours.com\/de\/wp-json\/wp\/v2\/product_tag?post=10978"}],"curies":[{"name":"wp","href":"https:\/\/api.w.org\/{rel}","templated":true}]}}