{"id":11503,"date":"2022-08-09T03:56:32","date_gmt":"2022-08-09T03:56:32","guid":{"rendered":"https:\/\/www.sunsethurghadatours.com\/product\/%d0%be%d1%81%d1%82%d1%80%d0%be%d0%b2-%d0%be%d1%80%d0%b8%d0%bd%d0%b4%d0%b6-%d0%b1%d1%8d%d0%b9\/"},"modified":"2025-07-23T20:37:24","modified_gmt":"2025-07-23T20:37:24","slug":"%d0%be%d1%81%d1%82%d1%80%d0%be%d0%b2-%d0%be%d1%80%d0%b8%d0%bd%d0%b4%d0%b6-%d0%b1%d1%8d%d0%b9","status":"publish","type":"product","link":"https:\/\/www.gamaltours.com\/pl\/produkt\/%d0%be%d1%81%d1%82%d1%80%d0%be%d0%b2-%d0%be%d1%80%d0%b8%d0%bd%d0%b4%d0%b6-%d0%b1%d1%8d%d0%b9\/","title":{"rendered":"Wyspa Orange Bay"},"content":{"rendered":"<h2>Przegl\u0105d<\/h2>\n<p>Sp\u0119d\u017a ca\u0142y dzie\u0144 na wyspie Orange Bay i podziwiaj wspania\u0142e widoki na morze.<\/p>\n<p>*dwie godziny wyspy<\/p>\n<p>* dwie przek\u0105ski w dw\u00f3ch r\u00f3\u017cnych plusach, zw\u0142aszcza do raf i ryb<\/p>\n<p>* Banan i sofa do zaj\u0119\u0107 wodnych + sprz\u0119t do lunchu i napoj\u00f3w w cenie + transfer, w cenie.<\/p>\n<h4>Atrakcja<\/h4>\n<p>Odbi\u00f3r z hoteli w Makadi i \u017cagle haszyszem,<\/p>\n<p>El Gouna, Safaga i Soma Bay dodaj\u0105 <strong>5 $<\/strong> za osob\u0119<\/p>\n<p><strong>Anulowanie 24 godziny<\/strong><\/p>\n<ul>\n<li>Anuluj do 24 godzin przed aktywno\u015bci\u0105<\/li>\n<li>Odzyskaj wszystkie swoje pieni\u0105dze<\/li>\n<\/ul>\n","protected":false},"excerpt":{"rendered":"<p>Przegl\u0105d Sp\u0119d\u017a ca\u0142y dzie\u0144 na wyspie Orange Bay i podziwiaj wspania\u0142e widoki na morze. *dwie godziny wyspy * dwie przek\u0105ski w dw\u00f3ch r\u00f3\u017cnych plusach, zw\u0142aszcza do raf i ryb * Banan i sofa do zaj\u0119\u0107 wodnych + sprz\u0119t do lunchu i napoj\u00f3w w cenie + transfer, w cenie. Atrakcja Odbi\u00f3r z hoteli w Makadi i [&hellip;]<\/p>\n","protected":false},"featured_media":11479,"comment_status":"open","ping_status":"closed","template":"","meta":[],"product_brand":[],"product_cat":[88,87,89],"product_tag":[],"class_list":{"0":"post-11503","1":"product","2":"type-product","3":"status-publish","4":"has-post-thumbnail","6":"brw_tour_types-culture","7":"brw_tour_types-family","8":"product_cat-gora","9":"product_cat-plaza","10":"product_cat-wieza","12":"first","13":"instock","14":"shipping-taxable","15":"purchasable","16":"product-type-ovabrw_car_rental"},"_links":{"self":[{"href":"https:\/\/www.gamaltours.com\/pl\/wp-json\/wp\/v2\/product\/11503","targetHints":{"allow":["GET"]}}],"collection":[{"href":"https:\/\/www.gamaltours.com\/pl\/wp-json\/wp\/v2\/product"}],"about":[{"href":"https:\/\/www.gamaltours.com\/pl\/wp-json\/wp\/v2\/types\/product"}],"replies":[{"embeddable":true,"href":"https:\/\/www.gamaltours.com\/pl\/wp-json\/wp\/v2\/comments?post=11503"}],"wp:featuredmedia":[{"embeddable":true,"href":"https:\/\/www.gamaltours.com\/pl\/wp-json\/wp\/v2\/media\/11479"}],"wp:attachment":[{"href":"https:\/\/www.gamaltours.com\/pl\/wp-json\/wp\/v2\/media?parent=11503"}],"wp:term":[{"taxonomy":"product_brand","embeddable":true,"href":"https:\/\/www.gamaltours.com\/pl\/wp-json\/wp\/v2\/product_brand?post=11503"},{"taxonomy":"product_cat","embeddable":true,"href":"https:\/\/www.gamaltours.com\/pl\/wp-json\/wp\/v2\/product_cat?post=11503"},{"taxonomy":"product_tag","embeddable":true,"href":"https:\/\/www.gamaltours.com\/pl\/wp-json\/wp\/v2\/product_tag?post=11503"}],"curies":[{"name":"wp","href":"https:\/\/api.w.org\/{rel}","templated":true}]}}